{"id":14,"date":"2025-08-29T17:54:21","date_gmt":"2025-08-29T17:54:21","guid":{"rendered":"https:\/\/acta-nc.com\/?page_id=14"},"modified":"2026-02-25T16:48:09","modified_gmt":"2026-02-25T16:48:09","slug":"home","status":"publish","type":"page","link":"https:\/\/acta-nc.com\/","title":{"rendered":"Home"},"content":{"rendered":"<p>[et_pb_section fb_built=&#8221;1&#8243; prev_background_color=&#8221;#0b23bf&#8221; disabled_on=&#8221;off|off|off&#8221; admin_label=&#8221;About&#8221; _builder_version=&#8221;4.27.4&#8243; background_color=&#8221;#0b64c4&#8243; top_divider_style=&#8221;wave2&#8243; top_divider_repeat=&#8221;1x&#8221; top_divider_flip=&#8221;horizontal&#8221; collapsed=&#8221;off&#8221; global_colors_info=&#8221;{}&#8221;][et_pb_row column_structure=&#8221;3_5,2_5&#8243; _builder_version=&#8221;4.27.4&#8243; _module_preset=&#8221;default&#8221; custom_margin=&#8221;20px||||false|false&#8221; global_colors_info=&#8221;{}&#8221;][et_pb_column type=&#8221;3_5&#8243; _builder_version=&#8221;4.27.4&#8243; _module_preset=&#8221;default&#8221; global_colors_info=&#8221;{}&#8221;][et_pb_text _builder_version=&#8221;4.27.4&#8243; _module_preset=&#8221;default&#8221; text_text_color=&#8221;#FFFFFF&#8221; text_font_size=&#8221;32px&#8221; header_text_color=&#8221;#FFFFFF&#8221; header_font_size=&#8221;50px&#8221; global_colors_info=&#8221;{}&#8221;]<\/p>\n<h1>Welcome to Alamance County Transportation Authority<\/h1>\n<p>[\/et_pb_text][\/et_pb_column][et_pb_column type=&#8221;2_5&#8243; _builder_version=&#8221;4.27.4&#8243; _module_preset=&#8221;default&#8221; global_colors_info=&#8221;{}&#8221;][et_pb_image src=&#8221;https:\/\/acta-nc.com\/wp-content\/uploads\/2025\/10\/ACTA-white-1000px.png&#8221; alt=&#8221;ACTA &#8211; Alamance County Transportation Authority&#8221; title_text=&#8221;ACTA-white-1000px&#8221; _builder_version=&#8221;4.27.4&#8243; _module_preset=&#8221;default&#8221; width=&#8221;100%&#8221; global_colors_info=&#8221;{}&#8221;][\/et_pb_image][\/et_pb_column][\/et_pb_row][et_pb_row _builder_version=&#8221;4.27.4&#8243; _module_preset=&#8221;default&#8221; global_colors_info=&#8221;{}&#8221;][et_pb_column type=&#8221;4_4&#8243; _builder_version=&#8221;4.27.4&#8243; _module_preset=&#8221;default&#8221; global_colors_info=&#8221;{}&#8221;][\/et_pb_column][\/et_pb_row][et_pb_row column_structure=&#8221;1_2,1_2&#8243; _builder_version=&#8221;4.27.4&#8243; _module_preset=&#8221;default&#8221; global_colors_info=&#8221;{}&#8221;][et_pb_column type=&#8221;1_2&#8243; _builder_version=&#8221;4.27.4&#8243; _module_preset=&#8221;default&#8221; global_colors_info=&#8221;{}&#8221;][et_pb_text _builder_version=&#8221;4.27.4&#8243; _module_preset=&#8221;default&#8221; text_text_color=&#8221;#FFFFFF&#8221; text_font_size=&#8221;17px&#8221; header_2_text_color=&#8221;#FFFFFF&#8221; header_2_font_size=&#8221;30px&#8221; min_height=&#8221;179px&#8221; custom_padding=&#8221;||||false|false&#8221; global_colors_info=&#8221;{}&#8221;]<\/p>\n<h2>ACTA is not just Dial-a-Ride. We provide transportation to and from most of the places you need to go every day!<\/h2>\n<p><strong><span style=\"font-size: large;\"><\/span><\/strong><\/p>\n<p><strong>ACTA helps get you to your:<\/strong><\/p>\n<p><strong><span style=\"font-size: large;\"><\/span><\/strong><\/p>\n<ul>\n<li>Doctor&#8217;s Appointments<\/li>\n<li>Dialysis Treatment<\/li>\n<li>Hair Appointments<\/li>\n<li>Social Events<\/li>\n<li>Work<\/li>\n<li>Alamance Community College<\/li>\n<\/ul>\n<ul><\/ul>\n<p>[\/et_pb_text][\/et_pb_column][et_pb_column type=&#8221;1_2&#8243; _builder_version=&#8221;4.27.4&#8243; _module_preset=&#8221;default&#8221; global_colors_info=&#8221;{}&#8221;][et_pb_image src=&#8221;https:\/\/acta-nc.com\/wp-content\/uploads\/2025\/09\/SQUARE.jpg&#8221; alt=&#8221;ACTA microtransit van parked in a lot.&#8221; _builder_version=&#8221;4.27.4&#8243; _module_preset=&#8221;default&#8221; min_height=&#8221;406.2px&#8221; custom_margin=&#8221;0px|||||&#8221; global_colors_info=&#8221;{}&#8221;][\/et_pb_image][\/et_pb_column][\/et_pb_row][\/et_pb_section][et_pb_section fb_built=&#8221;1&#8243; _builder_version=&#8221;4.27.4&#8243; _module_preset=&#8221;default&#8221; background_color=&#8221;#e9f3fb&#8221; global_colors_info=&#8221;{}&#8221;][et_pb_row column_structure=&#8221;3_5,2_5&#8243; _builder_version=&#8221;4.27.4&#8243; _module_preset=&#8221;default&#8221; global_colors_info=&#8221;{}&#8221;][et_pb_column type=&#8221;3_5&#8243; _builder_version=&#8221;4.27.4&#8243; _module_preset=&#8221;default&#8221; global_colors_info=&#8221;{}&#8221;][et_pb_text _builder_version=&#8221;4.27.4&#8243; _module_preset=&#8221;default&#8221; text_text_color=&#8221;gcid-heading-color&#8221; text_font_size=&#8221;17px&#8221; text_line_height=&#8221;1.8em&#8221; link_font=&#8221;||||on||||&#8221; link_font_size=&#8221;17px&#8221; link_line_height=&#8221;1.7em&#8221; header_2_text_color=&#8221;#083B93&#8243; header_2_font_size=&#8221;40px&#8221; custom_margin=&#8221;||||false|false&#8221; custom_padding=&#8221;||30px||false|false&#8221; global_colors_info=&#8221;{%22gcid-primary-color%22:%91%22quote_text_color%22%93,%22gcid-heading-color%22:%91%22text_text_color%22%93}&#8221;]<\/p>\n<h2 style=\"margin-bottom: 20px;\">ACTA News!<\/h2>\n<p><strong><span style=\"font-size: 25px;\">Public Hearing Notice<br \/><\/span><\/strong>ACTA will be holding a public hearing <strong>September 17, 2025 at 3:00pm<\/strong>.<br \/><a href=\"https:\/\/acta-nc.com\/wp-content\/uploads\/2025\/09\/FY-2027-PublicHearing-Notice-2025-0820.pdf\">More information about the upcoming meeting<\/a><\/p>\n<p><strong><span style=\"font-size: 25px;\">New Program: Microtransit<br \/><\/span><\/strong><a href=\"https:\/\/acta-nc.com\/index.php\/microtransit\/\">Learn more the ACTA Microtransit van service<\/a><\/p>\n<p><strong><span style=\"font-size: 25px;\">Program of Projects<br \/><\/span><\/strong><a href=\"https:\/\/acta-nc.com\/wp-content\/uploads\/2025\/09\/ACTA-Program-of-Projects-POP-FY26.pdf\">View the document<\/a><\/p>\n<p>[\/et_pb_text][et_pb_text _builder_version=&#8221;4.27.4&#8243; _module_preset=&#8221;default&#8221; text_text_color=&#8221;gcid-heading-color&#8221; text_font_size=&#8221;17px&#8221; link_font_size=&#8221;17px&#8221; link_line_height=&#8221;1.7em&#8221; ul_font_size=&#8221;17px&#8221; header_2_text_color=&#8221;#083b93&#8243; header_2_font_size=&#8221;40px&#8221; global_colors_info=&#8221;{%22gcid-primary-color%22:%91%22quote_text_color%22%93,%22gcid-heading-color%22:%91%22text_text_color%22%93}&#8221;]<\/p>\n<h2 style=\"margin-bottom: 15px;\">Did You Know?<\/h2>\n<ul>\n<li>ACTA currently provides door-to-door service, and a convenient Southern Alamance route?<\/li>\n<li>ACTA connects with PART for daily services to Chapel Hill.<\/li>\n<li>ACTA operates 27 vehicles, and all but 3 vans are equipped with lifts for special needs as well as the general public.<\/li>\n<li>ACTA drivers are each CDL certified and trained in First Aid and CPR.<\/li>\n<li>ACTA was established in 2002 by Alamance County Board of Commissioners.\u00a0 An independent Board of Trustees overseed ACTA.<\/li>\n<li>ACTA operates via state and federal annual grant programs with a required local 10% match funding from Alamance County.<\/li>\n<li>ACTA provides over 60,000 passenger trips each year, including Friendship Adult Day Services, and Community Services Meal sites.<\/li>\n<\/ul>\n<p>[\/et_pb_text][\/et_pb_column][et_pb_column type=&#8221;2_5&#8243; _builder_version=&#8221;4.27.4&#8243; _module_preset=&#8221;default&#8221; global_colors_info=&#8221;{}&#8221;][et_pb_image src=&#8221;https:\/\/acta-nc.com\/wp-content\/uploads\/2025\/10\/Bus-at-Kernodle-Clinic.jpg&#8221; alt=&#8221;ACTA microtransit van parked outside of Kernodle Clinic.&#8221; align=&#8221;center&#8221; _builder_version=&#8221;4.27.4&#8243; _module_preset=&#8221;default&#8221; custom_margin=&#8221;||||false|false&#8221; global_colors_info=&#8221;{}&#8221;][\/et_pb_image][et_pb_image src=&#8221;https:\/\/acta-nc.com\/wp-content\/uploads\/2025\/09\/20250904_090028-scaled.jpg&#8221; alt=&#8221;ACTA microtransit van parked outside Alamance County Courthouse.&#8221; _builder_version=&#8221;4.27.4&#8243; _module_preset=&#8221;default&#8221; z_index=&#8221;100&#8243; custom_margin=&#8221;||||false|false&#8221; global_colors_info=&#8221;{}&#8221;][\/et_pb_image][\/et_pb_column][\/et_pb_row][et_pb_row _builder_version=&#8221;4.27.4&#8243; _module_preset=&#8221;default&#8221; global_colors_info=&#8221;{}&#8221;][et_pb_column type=&#8221;4_4&#8243; _builder_version=&#8221;4.27.4&#8243; _module_preset=&#8221;default&#8221; global_colors_info=&#8221;{}&#8221;][et_pb_divider color=&#8221;gcid-47926fe8-d4df-4017-9022-77d0507f7f3b&#8221; divider_position=&#8221;center&#8221; _builder_version=&#8221;4.27.4&#8243; _module_preset=&#8221;default&#8221; global_colors_info=&#8221;{%22gcid-47926fe8-d4df-4017-9022-77d0507f7f3b%22:%91%22color%22%93}&#8221;][\/et_pb_divider][\/et_pb_column][\/et_pb_row][et_pb_row column_structure=&#8221;1_2,1_2&#8243; _builder_version=&#8221;4.27.4&#8243; _module_preset=&#8221;default&#8221; global_colors_info=&#8221;{}&#8221;][et_pb_column type=&#8221;1_2&#8243; _builder_version=&#8221;4.27.4&#8243; _module_preset=&#8221;default&#8221; global_colors_info=&#8221;{}&#8221;][et_pb_text _builder_version=&#8221;4.27.4&#8243; _module_preset=&#8221;default&#8221; text_text_color=&#8221;#5B5B5B&#8221; link_font=&#8221;||||on||||&#8221; global_colors_info=&#8221;{}&#8221;]<\/p>\n<p><span><strong><span style=\"font-size: large;\">Title VI Policy Statement<\/span><br \/><\/strong><\/span><\/p>\n<p><span>It is the policy of Alamance County Transportation Authority to ensure compliance with Title VI of the Civil Rights Acts of 1964; 49 CFR, Part 21; related statutes and regulations that ensure no person shall, on the grounds of race, color, sex, age, national origin, or disability, be excluded from participation in, or be denied the benefits of; or be subjected to discrimination under any program or activity receiving federal financial assistance from the United States Department of Transportation.<\/span><\/p>\n<p><span>Es pol\u00edtica de la Alamance County Transportation Authority garantizar el cumplimiento del T\u00edtulo VI de las Leyes de Derechos Civiles de 1964; 49 CFR, Parte 21; estatutos y reglamentos relacionados que garantizan que ninguna persona, por motivos de raza, color, sexo, edad, origen nacional o discapacidad, ser\u00e1 excluida de la participaci\u00f3n o se le negar\u00e1n los beneficios de; o ser objeto de discriminaci\u00f3n bajo cualquier programa o actividad que reciba asistencia financiera federal del Departamento de Transporte de los Estados Unidos.<\/span><\/p>\n<p><span><a href=\"https:\/\/acta-nc.com\/wp-content\/uploads\/2025\/09\/Alamance_ACTA_Title_VI_05-25-23_Signed.pdf\" rel=\"attachment wp-att-200\">Title VI Policy<\/a><\/span><\/p>\n<p><span><a href=\"https:\/\/acta-nc.com\/wp-content\/uploads\/2025\/09\/TITLE-VI-Title_VI_Complaint_Form_2024-0503.pdf\" rel=\"attachment wp-att-190\">Title VI Complaint Form<\/a>\u00a0 \u00a0 <a href=\"https:\/\/acta-nc.com\/wp-content\/uploads\/2025\/09\/TITLE-VI-SPANISH_Title_VI_Complaint_Form_2024-0503.pdf\" rel=\"attachment wp-att-189\">En Espa\u00f1ol<\/a><\/span><\/p>\n<p>[\/et_pb_text][\/et_pb_column][et_pb_column type=&#8221;1_2&#8243; _builder_version=&#8221;4.27.4&#8243; _module_preset=&#8221;default&#8221; global_colors_info=&#8221;{}&#8221;][et_pb_text _builder_version=&#8221;4.27.4&#8243; _module_preset=&#8221;default&#8221; text_text_color=&#8221;#5B5B5B&#8221; link_font=&#8221;||||on||||&#8221; global_colors_info=&#8221;{}&#8221;]<\/p>\n<p><span><span style=\"font-size: large;\"><strong>ADA Policy Statement<\/strong><\/span><br \/><\/span><\/p>\n<p><span>This policy is written to establish operating and service guidelines and procedures for the implementation of the requirements of the American with Disabilities Act of 1990 (ADA), the U.S. Department of Transportation regulations for implementing ADA (49 CFR Parts 27, 37 and 38), and applicable North Carolina laws and regulations. \u00a0\u00a0All services operated by the Alamance County Transportation Authority (hereinafter referred to as ACTA) are operated on a non-fixed route basis and the system complies with ADA requirements with respect to such services.<\/span><\/p>\n<p><a href=\"https:\/\/acta-nc.com\/wp-content\/uploads\/2026\/02\/12b_ADA-Complaint-Form.pdf\">ADA \/ Reasonable Modification Complaint Form<\/a><\/p>\n<p><a href=\"https:\/\/acta-nc.com\/wp-content\/uploads\/2025\/09\/Reasonable-Modifications-Policies-and-Procedures.pdf\">Reasonable Modifications Policies and Procedures<\/a><\/p>\n<p><a href=\"https:\/\/acta-nc.com\/wp-content\/uploads\/2025\/09\/ACTA_Modification_Request_Form.pdf\" rel=\"attachment wp-att-199\">ACTA Modification Request Form<\/a><\/p>\n<p><a href=\"https:\/\/acta-nc.com\/wp-content\/uploads\/2025\/09\/ADA_Policy.pdf\" rel=\"attachment wp-att-192\">ADA Policy<\/a><\/p>\n<p>&nbsp;<\/p>\n<p>&nbsp;<\/p>\n<p><span><\/span><\/p>\n<p><span><\/span><\/p>\n<p>[\/et_pb_text][\/et_pb_column][\/et_pb_row][\/et_pb_section]<\/p>\n","protected":false},"excerpt":{"rendered":"<p>Welcome to Alamance County Transportation AuthorityACTA is not just Dial-a-Ride. We provide transportation to and from most of the places you need to go every day! ACTA helps get you to your: Doctor&#8217;s Appointments Dialysis Treatment Hair Appointments Social Events Work Alamance Community College ACTA News! Public Hearing NoticeACTA will be holding a public hearing [&hellip;]<\/p>\n","protected":false},"author":1,"featured_media":0,"parent":0,"menu_order":0,"comment_status":"closed","ping_status":"closed","template":"","meta":{"_et_pb_use_builder":"on","_et_pb_old_content":"","_et_gb_content_width":"","footnotes":""},"class_list":["post-14","page","type-page","status-publish","hentry"],"_links":{"self":[{"href":"https:\/\/acta-nc.com\/index.php\/wp-json\/wp\/v2\/pages\/14","targetHints":{"allow":["GET"]}}],"collection":[{"href":"https:\/\/acta-nc.com\/index.php\/wp-json\/wp\/v2\/pages"}],"about":[{"href":"https:\/\/acta-nc.com\/index.php\/wp-json\/wp\/v2\/types\/page"}],"author":[{"embeddable":true,"href":"https:\/\/acta-nc.com\/index.php\/wp-json\/wp\/v2\/users\/1"}],"replies":[{"embeddable":true,"href":"https:\/\/acta-nc.com\/index.php\/wp-json\/wp\/v2\/comments?post=14"}],"version-history":[{"count":49,"href":"https:\/\/acta-nc.com\/index.php\/wp-json\/wp\/v2\/pages\/14\/revisions"}],"predecessor-version":[{"id":483,"href":"https:\/\/acta-nc.com\/index.php\/wp-json\/wp\/v2\/pages\/14\/revisions\/483"}],"wp:attachment":[{"href":"https:\/\/acta-nc.com\/index.php\/wp-json\/wp\/v2\/media?parent=14"}],"curies":[{"name":"wp","href":"https:\/\/api.w.org\/{rel}","templated":true}]}}